{"id":1759,"date":"2022-07-07T03:25:37","date_gmt":"2022-07-07T03:25:37","guid":{"rendered":"https:\/\/www.oceantantramassage.com\/team\/"},"modified":"2026-03-31T09:41:45","modified_gmt":"2026-03-31T09:41:45","slug":"team","status":"publish","type":"page","link":"https:\/\/www.oceantantramassage.com\/es\/team\/","title":{"rendered":"Team"},"content":{"rendered":"\t\t<div data-elementor-type=\"wp-page\" data-elementor-id=\"1759\" class=\"elementor elementor-1759 elementor-29\" data-elementor-settings=\"{&quot;ha_cmc_init_switcher&quot;:&quot;no&quot;}\">\n\t\t\t\t\t\t<section class=\"elementor-section elementor-top-section elementor-element elementor-element-da1ddef elementor-section-boxed elementor-section-height-default elementor-section-height-default\" data-id=\"da1ddef\" data-element_type=\"section\" data-settings=\"{&quot;_ha_eqh_enable&quot;:false}\">\n\t\t\t\t\t\t<div class=\"elementor-container elementor-column-gap-default\">\n\t\t\t\t\t<div class=\"elementor-column elementor-col-100 elementor-top-column elementor-element elementor-element-4b20690\" data-id=\"4b20690\" data-element_type=\"column\">\n\t\t\t<div class=\"elementor-widget-wrap elementor-element-populated\">\n\t\t\t\t\t\t<div class=\"elementor-element elementor-element-e9813e4 elementor-widget elementor-widget-heading\" data-id=\"e9813e4\" data-element_type=\"widget\" data-widget_type=\"heading.default\">\n\t\t\t\t<div class=\"elementor-widget-container\">\n\t\t\t\t\t<h2 class=\"elementor-heading-title elementor-size-default\">Le damos la bienvenida a nuestro estudio<\/h2>\t\t\t\t<\/div>\n\t\t\t\t<\/div>\n\t\t\t\t<div class=\"elementor-element elementor-element-2bfce7c elementor-widget elementor-widget-heading\" data-id=\"2bfce7c\" data-element_type=\"widget\" data-widget_type=\"heading.default\">\n\t\t\t\t<div class=\"elementor-widget-container\">\n\t\t\t\t\t<h2 class=\"elementor-heading-title elementor-size-default\">Muchos a\u00f1os de experiencia\n<br>Masajistas de coraz\u00f3n \n<br>Un equipo experimentado<\/h2>\t\t\t\t<\/div>\n\t\t\t\t<\/div>\n\t\t\t\t<div class=\"elementor-element elementor-element-7b177b3 elementor-widget elementor-widget-image\" data-id=\"7b177b3\" data-element_type=\"widget\" data-widget_type=\"image.default\">\n\t\t\t\t<div class=\"elementor-widget-container\">\n\t\t\t\t\t\t\t\t\t\t\t\t\t\t\t<img data-opt-id=2043866962  data-opt-src=\"https:\/\/mlfiaarfli1m.i.optimole.com\/w:1024\/h:455\/q:mauto\/g:sm\/f:best\/https:\/\/www.oceantantramassage.com\/wp-content\/uploads\/2026\/03\/Ocean-26-new.jpg\"   decoding=\"async\" width=\"800\" height=\"355\" src=\"data:image/svg+xml,%3Csvg%20viewBox%3D%220%200%201024%20455%22%20width%3D%221024%22%20height%3D%22455%22%20xmlns%3D%22http%3A%2F%2Fwww.w3.org%2F2000%2Fsvg%22%3E%3Crect%20width%3D%221024%22%20height%3D%22455%22%20fill%3D%22transparent%22%2F%3E%3C%2Fsvg%3E\" class=\"attachment-large size-large wp-image-2727\" alt=\"\" old-srcset=\"https:\/\/mlfiaarfli1m.i.optimole.com\/w:1024\/h:455\/q:mauto\/g:sm\/f:best\/https:\/\/www.oceantantramassage.com\/wp-content\/uploads\/2026\/03\/Ocean-26-new.jpg 1024w, https:\/\/mlfiaarfli1m.i.optimole.com\/w:300\/h:133\/q:mauto\/g:sm\/f:best\/https:\/\/www.oceantantramassage.com\/wp-content\/uploads\/2026\/03\/Ocean-26-new.jpg 300w, https:\/\/mlfiaarfli1m.i.optimole.com\/w:768\/h:341\/q:mauto\/g:sm\/f:best\/https:\/\/www.oceantantramassage.com\/wp-content\/uploads\/2026\/03\/Ocean-26-new.jpg 768w, https:\/\/mlfiaarfli1m.i.optimole.com\/w:1536\/h:683\/q:mauto\/g:sm\/f:best\/https:\/\/www.oceantantramassage.com\/wp-content\/uploads\/2026\/03\/Ocean-26-new.jpg 1536w, https:\/\/mlfiaarfli1m.i.optimole.com\/w:1550\/h:689\/q:mauto\/g:sm\/f:best\/https:\/\/www.oceantantramassage.com\/wp-content\/uploads\/2026\/03\/Ocean-26-new.jpg 1550w, https:\/\/mlfiaarfli1m.i.optimole.com\/w:1550\/h:689\/q:mauto\/g:sm\/f:best\/dpr:2\/https:\/\/www.oceantantramassage.com\/wp-content\/uploads\/2026\/03\/Ocean-26-new.jpg 2x\" \/>\t\t\t\t\t\t\t\t\t\t\t\t\t\t\t<\/div>\n\t\t\t\t<\/div>\n\t\t\t\t\t<\/div>\n\t\t<\/div>\n\t\t\t\t\t<\/div>\n\t\t<\/section>\n\t\t\t\t<section class=\"elementor-section elementor-top-section elementor-element elementor-element-f162d79 elementor-section-boxed elementor-section-height-default elementor-section-height-default\" data-id=\"f162d79\" data-element_type=\"section\" data-settings=\"{&quot;_ha_eqh_enable&quot;:false}\">\n\t\t\t\t\t\t<div class=\"elementor-container elementor-column-gap-default\">\n\t\t\t\t\t<div class=\"elementor-column elementor-col-100 elementor-top-column elementor-element elementor-element-b7e060c\" data-id=\"b7e060c\" data-element_type=\"column\">\n\t\t\t<div class=\"elementor-widget-wrap elementor-element-populated\">\n\t\t\t\t\t\t<div class=\"elementor-element elementor-element-029b0b1 elementor-widget elementor-widget-text-editor\" data-id=\"029b0b1\" data-element_type=\"widget\" data-widget_type=\"text-editor.default\">\n\t\t\t\t<div class=\"elementor-widget-container\">\n\t\t\t\t\t\t\t\t\t<p><strong>\u00a1Te damos la bienvenida a nuestro hermoso estudio de Tantra en Denia!<\/strong><\/p><p>Durante todo el a\u00f1o diferentes masajistas est\u00e1n en Denia y est\u00e1n encantadas de conocerte.<\/p><p>Nos encantan los masajes Tantra y nos reunimos con usted con gran intuici\u00f3n y calidez. Con nuestro gran recurso de experiencias, sintonizamos con usted individualmente.<\/p><p>D\u00e9jate llevar y d\u00e9jate mimar, en un ambiente t\u00e1ntrico de aceptaci\u00f3n y sensibilidad. Siente el contacto con tu alegr\u00eda de vivir y tu vivacidad, experimenta a ti mismo y a tu cuerpo completamente nuevo. Deja ir los pensamientos y la vida cotidiana, entonces estar\u00e1s tranquilo y volver\u00e1s a ti mismo y a tu centro.<\/p><p>Traducci\u00f3n realizada con la versi\u00f3n gratuita del traductor www.DeepL.com\/Translator<\/p>\t\t\t\t\t\t\t\t<\/div>\n\t\t\t\t<\/div>\n\t\t\t\t<div class=\"elementor-element elementor-element-9cb8803 elementor-align-center elementor-mobile-align-center elementor-widget elementor-widget-button\" data-id=\"9cb8803\" data-element_type=\"widget\" data-widget_type=\"button.default\">\n\t\t\t\t<div class=\"elementor-widget-container\">\n\t\t\t\t\t\t\t\t\t<div class=\"elementor-button-wrapper\">\n\t\t\t\t\t<a class=\"elementor-button elementor-button-link elementor-size-md elementor-animation-grow\" href=\"http:\/\/oceantantramassagevalencia.com\/es#book\">\n\t\t\t\t\t\t<span class=\"elementor-button-content-wrapper\">\n\t\t\t\t\t\t\t\t\t<span class=\"elementor-button-text\">RESERVA AHORA<\/span>\n\t\t\t\t\t<\/span>\n\t\t\t\t\t<\/a>\n\t\t\t\t<\/div>\n\t\t\t\t\t\t\t\t<\/div>\n\t\t\t\t<\/div>\n\t\t\t\t\t<\/div>\n\t\t<\/div>\n\t\t\t\t\t<\/div>\n\t\t<\/section>\n\t\t\t\t<\/div>\n\t\t","protected":false},"excerpt":{"rendered":"<p>Le damos la bienvenida a nuestro estudio Muchos a\u00f1os de experiencia Masajistas de coraz\u00f3n Un equipo experimentado \u00a1Te damos la bienvenida a nuestro hermoso estudio de Tantra en Denia! Durante todo el a\u00f1o diferentes masajistas est\u00e1n en Denia y est\u00e1n encantadas de conocerte. Nos encantan los masajes Tantra y nos reunimos con usted con gran [&hellip;]<\/p>\n","protected":false},"author":1,"featured_media":0,"parent":0,"menu_order":0,"comment_status":"closed","ping_status":"closed","template":"","meta":{"om_disable_all_campaigns":false,"_monsterinsights_skip_tracking":false,"_monsterinsights_sitenote_active":false,"_monsterinsights_sitenote_note":"","_monsterinsights_sitenote_category":0,"footnotes":""},"yoast_head":"<!-- This site is optimized with the Yoast SEO plugin v22.9 - https:\/\/yoast.com\/wordpress\/plugins\/seo\/ -->\n<title>Team - Ocean Tantra Massage Denia<\/title>\n<meta name=\"robots\" content=\"index, follow, max-snippet:-1, max-image-preview:large, max-video-preview:-1\" \/>\n<link rel=\"canonical\" href=\"https:\/\/www.oceantantramassage.com\/es\/team\/\" \/>\n<meta property=\"og:locale\" content=\"es_ES\" \/>\n<meta property=\"og:type\" content=\"article\" \/>\n<meta property=\"og:title\" content=\"Team - Ocean Tantra Massage Denia\" \/>\n<meta property=\"og:description\" content=\"Le damos la bienvenida a nuestro estudio Muchos a\u00f1os de experiencia Masajistas de coraz\u00f3n Un equipo experimentado \u00a1Te damos la bienvenida a nuestro hermoso estudio de Tantra en Denia! Durante todo el a\u00f1o diferentes masajistas est\u00e1n en Denia y est\u00e1n encantadas de conocerte. Nos encantan los masajes Tantra y nos reunimos con usted con gran [&hellip;]\" \/>\n<meta property=\"og:url\" content=\"https:\/\/www.oceantantramassage.com\/es\/team\/\" \/>\n<meta property=\"og:site_name\" content=\"Ocean Tantra Massage Denia\" \/>\n<meta property=\"article:modified_time\" content=\"2026-03-31T09:41:45+00:00\" \/>\n<meta property=\"og:image\" content=\"https:\/\/mlfiaarfli1m.i.optimole.com\/w:1024\/h:455\/q:mauto\/g:sm\/f:best\/https:\/\/www.oceantantramassage.com\/wp-content\/uploads\/2026\/03\/Ocean-26-new.jpg\" \/>\n<meta name=\"twitter:card\" content=\"summary_large_image\" \/>\n<meta name=\"twitter:label1\" content=\"Tiempo de lectura\" \/>\n\t<meta name=\"twitter:data1\" content=\"1 minuto\" \/>\n<script type=\"application\/ld+json\" class=\"yoast-schema-graph\">{\"@context\":\"https:\/\/schema.org\",\"@graph\":[{\"@type\":\"WebPage\",\"@id\":\"https:\/\/www.oceantantramassage.com\/es\/team\/\",\"url\":\"https:\/\/www.oceantantramassage.com\/es\/team\/\",\"name\":\"Team - Ocean Tantra Massage Denia\",\"isPartOf\":{\"@id\":\"https:\/\/www.oceantantramassage.com\/es\/#website\"},\"primaryImageOfPage\":{\"@id\":\"https:\/\/www.oceantantramassage.com\/es\/team\/#primaryimage\"},\"image\":{\"@id\":\"https:\/\/www.oceantantramassage.com\/es\/team\/#primaryimage\"},\"thumbnailUrl\":\"https:\/\/mlfiaarfli1m.i.optimole.com\/w:1024\/h:455\/q:mauto\/g:sm\/f:best\/https:\/\/www.oceantantramassage.com\/wp-content\/uploads\/2026\/03\/Ocean-26-new.jpg\",\"datePublished\":\"2022-07-07T03:25:37+00:00\",\"dateModified\":\"2026-03-31T09:41:45+00:00\",\"breadcrumb\":{\"@id\":\"https:\/\/www.oceantantramassage.com\/es\/team\/#breadcrumb\"},\"inLanguage\":\"es\",\"potentialAction\":[{\"@type\":\"ReadAction\",\"target\":[\"https:\/\/www.oceantantramassage.com\/es\/team\/\"]}]},{\"@type\":\"ImageObject\",\"inLanguage\":\"es\",\"@id\":\"https:\/\/www.oceantantramassage.com\/es\/team\/#primaryimage\",\"url\":\"https:\/\/mlfiaarfli1m.i.optimole.com\/w:1024\/h:455\/q:mauto\/g:sm\/f:best\/https:\/\/www.oceantantramassage.com\/wp-content\/uploads\/2026\/03\/Ocean-26-new.jpg\",\"contentUrl\":\"https:\/\/mlfiaarfli1m.i.optimole.com\/w:1024\/h:455\/q:mauto\/g:sm\/f:best\/https:\/\/www.oceantantramassage.com\/wp-content\/uploads\/2026\/03\/Ocean-26-new.jpg\"},{\"@type\":\"BreadcrumbList\",\"@id\":\"https:\/\/www.oceantantramassage.com\/es\/team\/#breadcrumb\",\"itemListElement\":[{\"@type\":\"ListItem\",\"position\":1,\"name\":\"Home\",\"item\":\"https:\/\/www.oceantantramassage.com\/es\/\"},{\"@type\":\"ListItem\",\"position\":2,\"name\":\"Team\"}]},{\"@type\":\"WebSite\",\"@id\":\"https:\/\/www.oceantantramassage.com\/es\/#website\",\"url\":\"https:\/\/www.oceantantramassage.com\/es\/\",\"name\":\"Ocean Tantra Massage Denia\",\"description\":\"Sensual Tantra Massages in Denia\",\"publisher\":{\"@id\":\"https:\/\/www.oceantantramassage.com\/es\/#organization\"},\"potentialAction\":[{\"@type\":\"SearchAction\",\"target\":{\"@type\":\"EntryPoint\",\"urlTemplate\":\"https:\/\/www.oceantantramassage.com\/es\/?s={search_term_string}\"},\"query-input\":\"required name=search_term_string\"}],\"inLanguage\":\"es\"},{\"@type\":\"Organization\",\"@id\":\"https:\/\/www.oceantantramassage.com\/es\/#organization\",\"name\":\"Ocean Tantra Massage Denia\",\"url\":\"https:\/\/www.oceantantramassage.com\/es\/\",\"logo\":{\"@type\":\"ImageObject\",\"inLanguage\":\"es\",\"@id\":\"https:\/\/www.oceantantramassage.com\/es\/#\/schema\/logo\/image\/\",\"url\":\"https:\/\/mlfiaarfli1m.i.optimole.com\/w:auto\/h:auto\/q:mauto\/g:sm\/f:best\/https:\/\/www.oceantantramassage.com\/wp-content\/uploads\/2022\/07\/depositphotos_10684755-stock-photo-beautiful-lotus.webp\",\"contentUrl\":\"https:\/\/mlfiaarfli1m.i.optimole.com\/w:auto\/h:auto\/q:mauto\/g:sm\/f:best\/https:\/\/www.oceantantramassage.com\/wp-content\/uploads\/2022\/07\/depositphotos_10684755-stock-photo-beautiful-lotus.webp\",\"width\":556,\"height\":600,\"caption\":\"Ocean Tantra Massage Denia\"},\"image\":{\"@id\":\"https:\/\/www.oceantantramassage.com\/es\/#\/schema\/logo\/image\/\"}}]}<\/script>\n<!-- \/ Yoast SEO plugin. -->","yoast_head_json":{"title":"Team - Ocean Tantra Massage Denia","robots":{"index":"index","follow":"follow","max-snippet":"max-snippet:-1","max-image-preview":"max-image-preview:large","max-video-preview":"max-video-preview:-1"},"canonical":"https:\/\/www.oceantantramassage.com\/es\/team\/","og_locale":"es_ES","og_type":"article","og_title":"Team - Ocean Tantra Massage Denia","og_description":"Le damos la bienvenida a nuestro estudio Muchos a\u00f1os de experiencia Masajistas de coraz\u00f3n Un equipo experimentado \u00a1Te damos la bienvenida a nuestro hermoso estudio de Tantra en Denia! Durante todo el a\u00f1o diferentes masajistas est\u00e1n en Denia y est\u00e1n encantadas de conocerte. Nos encantan los masajes Tantra y nos reunimos con usted con gran [&hellip;]","og_url":"https:\/\/www.oceantantramassage.com\/es\/team\/","og_site_name":"Ocean Tantra Massage Denia","article_modified_time":"2026-03-31T09:41:45+00:00","og_image":[{"url":"https:\/\/mlfiaarfli1m.i.optimole.com\/w:1024\/h:455\/q:mauto\/g:sm\/f:best\/https:\/\/www.oceantantramassage.com\/wp-content\/uploads\/2026\/03\/Ocean-26-new.jpg"}],"twitter_card":"summary_large_image","twitter_misc":{"Tiempo de lectura":"1 minuto"},"schema":{"@context":"https:\/\/schema.org","@graph":[{"@type":"WebPage","@id":"https:\/\/www.oceantantramassage.com\/es\/team\/","url":"https:\/\/www.oceantantramassage.com\/es\/team\/","name":"Team - Ocean Tantra Massage Denia","isPartOf":{"@id":"https:\/\/www.oceantantramassage.com\/es\/#website"},"primaryImageOfPage":{"@id":"https:\/\/www.oceantantramassage.com\/es\/team\/#primaryimage"},"image":{"@id":"https:\/\/www.oceantantramassage.com\/es\/team\/#primaryimage"},"thumbnailUrl":"https:\/\/mlfiaarfli1m.i.optimole.com\/w:1024\/h:455\/q:mauto\/g:sm\/f:best\/https:\/\/www.oceantantramassage.com\/wp-content\/uploads\/2026\/03\/Ocean-26-new.jpg","datePublished":"2022-07-07T03:25:37+00:00","dateModified":"2026-03-31T09:41:45+00:00","breadcrumb":{"@id":"https:\/\/www.oceantantramassage.com\/es\/team\/#breadcrumb"},"inLanguage":"es","potentialAction":[{"@type":"ReadAction","target":["https:\/\/www.oceantantramassage.com\/es\/team\/"]}]},{"@type":"ImageObject","inLanguage":"es","@id":"https:\/\/www.oceantantramassage.com\/es\/team\/#primaryimage","url":"https:\/\/mlfiaarfli1m.i.optimole.com\/w:1024\/h:455\/q:mauto\/g:sm\/f:best\/https:\/\/www.oceantantramassage.com\/wp-content\/uploads\/2026\/03\/Ocean-26-new.jpg","contentUrl":"https:\/\/mlfiaarfli1m.i.optimole.com\/w:1024\/h:455\/q:mauto\/g:sm\/f:best\/https:\/\/www.oceantantramassage.com\/wp-content\/uploads\/2026\/03\/Ocean-26-new.jpg"},{"@type":"BreadcrumbList","@id":"https:\/\/www.oceantantramassage.com\/es\/team\/#breadcrumb","itemListElement":[{"@type":"ListItem","position":1,"name":"Home","item":"https:\/\/www.oceantantramassage.com\/es\/"},{"@type":"ListItem","position":2,"name":"Team"}]},{"@type":"WebSite","@id":"https:\/\/www.oceantantramassage.com\/es\/#website","url":"https:\/\/www.oceantantramassage.com\/es\/","name":"Ocean Tantra Massage Denia","description":"Sensual Tantra Massages in Denia","publisher":{"@id":"https:\/\/www.oceantantramassage.com\/es\/#organization"},"potentialAction":[{"@type":"SearchAction","target":{"@type":"EntryPoint","urlTemplate":"https:\/\/www.oceantantramassage.com\/es\/?s={search_term_string}"},"query-input":"required name=search_term_string"}],"inLanguage":"es"},{"@type":"Organization","@id":"https:\/\/www.oceantantramassage.com\/es\/#organization","name":"Ocean Tantra Massage Denia","url":"https:\/\/www.oceantantramassage.com\/es\/","logo":{"@type":"ImageObject","inLanguage":"es","@id":"https:\/\/www.oceantantramassage.com\/es\/#\/schema\/logo\/image\/","url":"https:\/\/mlfiaarfli1m.i.optimole.com\/w:auto\/h:auto\/q:mauto\/g:sm\/f:best\/https:\/\/www.oceantantramassage.com\/wp-content\/uploads\/2022\/07\/depositphotos_10684755-stock-photo-beautiful-lotus.webp","contentUrl":"https:\/\/mlfiaarfli1m.i.optimole.com\/w:auto\/h:auto\/q:mauto\/g:sm\/f:best\/https:\/\/www.oceantantramassage.com\/wp-content\/uploads\/2022\/07\/depositphotos_10684755-stock-photo-beautiful-lotus.webp","width":556,"height":600,"caption":"Ocean Tantra Massage Denia"},"image":{"@id":"https:\/\/www.oceantantramassage.com\/es\/#\/schema\/logo\/image\/"}}]}},"_links":{"self":[{"href":"https:\/\/www.oceantantramassage.com\/es\/wp-json\/wp\/v2\/pages\/1759"}],"collection":[{"href":"https:\/\/www.oceantantramassage.com\/es\/wp-json\/wp\/v2\/pages"}],"about":[{"href":"https:\/\/www.oceantantramassage.com\/es\/wp-json\/wp\/v2\/types\/page"}],"author":[{"embeddable":true,"href":"https:\/\/www.oceantantramassage.com\/es\/wp-json\/wp\/v2\/users\/1"}],"replies":[{"embeddable":true,"href":"https:\/\/www.oceantantramassage.com\/es\/wp-json\/wp\/v2\/comments?post=1759"}],"version-history":[{"count":24,"href":"https:\/\/www.oceantantramassage.com\/es\/wp-json\/wp\/v2\/pages\/1759\/revisions"}],"predecessor-version":[{"id":2733,"href":"https:\/\/www.oceantantramassage.com\/es\/wp-json\/wp\/v2\/pages\/1759\/revisions\/2733"}],"wp:attachment":[{"href":"https:\/\/www.oceantantramassage.com\/es\/wp-json\/wp\/v2\/media?parent=1759"}],"curies":[{"name":"wp","href":"https:\/\/api.w.org\/{rel}","templated":true}]}}