{"id":1638,"date":"2022-07-07T03:25:37","date_gmt":"2022-07-07T03:25:37","guid":{"rendered":"https:\/\/www.oceantantramassage.com\/team\/"},"modified":"2026-03-31T09:40:26","modified_gmt":"2026-03-31T09:40:26","slug":"team","status":"publish","type":"page","link":"https:\/\/www.oceantantramassage.com\/de\/team\/","title":{"rendered":"Team"},"content":{"rendered":"\t\t<div data-elementor-type=\"wp-page\" data-elementor-id=\"1638\" class=\"elementor elementor-1638 elementor-29\" data-elementor-settings=\"{&quot;ha_cmc_init_switcher&quot;:&quot;no&quot;}\">\n\t\t\t\t\t\t<section class=\"elementor-section elementor-top-section elementor-element elementor-element-4705e5c elementor-section-boxed elementor-section-height-default elementor-section-height-default\" data-id=\"4705e5c\" data-element_type=\"section\" data-settings=\"{&quot;_ha_eqh_enable&quot;:false}\">\n\t\t\t\t\t\t<div class=\"elementor-container elementor-column-gap-default\">\n\t\t\t\t\t<div class=\"elementor-column elementor-col-100 elementor-top-column elementor-element elementor-element-af731a6\" data-id=\"af731a6\" data-element_type=\"column\">\n\t\t\t<div class=\"elementor-widget-wrap elementor-element-populated\">\n\t\t\t\t\t\t<div class=\"elementor-element elementor-element-ab6b219 elementor-widget elementor-widget-heading\" data-id=\"ab6b219\" data-element_type=\"widget\" data-widget_type=\"heading.default\">\n\t\t\t\t<div class=\"elementor-widget-container\">\n\t\t\t\t\t<h2 class=\"elementor-heading-title elementor-size-default\">Herzlich willkommen in unserem Studio!\u200b<\/h2>\t\t\t\t<\/div>\n\t\t\t\t<\/div>\n\t\t\t\t<div class=\"elementor-element elementor-element-2bfce7c elementor-widget elementor-widget-heading\" data-id=\"2bfce7c\" data-element_type=\"widget\" data-widget_type=\"heading.default\">\n\t\t\t\t<div class=\"elementor-widget-container\">\n\t\t\t\t\t<h2 class=\"elementor-heading-title elementor-size-default\"><span data-elementor-setting-key=\"title\" data-pen-placeholder=\"Type Here...\">Viele Jahre an Erfahrung<\/span><br>Herzliche Masseurinnen <br>Ein Sehr gut eingespieltes Team<\/h2>\t\t\t\t<\/div>\n\t\t\t\t<\/div>\n\t\t\t\t\t<\/div>\n\t\t<\/div>\n\t\t\t\t\t<\/div>\n\t\t<\/section>\n\t\t\t\t<section class=\"elementor-section elementor-top-section elementor-element elementor-element-da1ddef elementor-section-boxed elementor-section-height-default elementor-section-height-default\" data-id=\"da1ddef\" data-element_type=\"section\" data-settings=\"{&quot;_ha_eqh_enable&quot;:false}\">\n\t\t\t\t\t\t<div class=\"elementor-container elementor-column-gap-default\">\n\t\t\t\t\t<div class=\"elementor-column elementor-col-100 elementor-top-column elementor-element elementor-element-4b20690\" data-id=\"4b20690\" data-element_type=\"column\">\n\t\t\t<div class=\"elementor-widget-wrap elementor-element-populated\">\n\t\t\t\t\t\t<div class=\"elementor-element elementor-element-11f783f elementor-widget elementor-widget-image\" data-id=\"11f783f\" data-element_type=\"widget\" data-widget_type=\"image.default\">\n\t\t\t\t<div class=\"elementor-widget-container\">\n\t\t\t\t\t\t\t\t\t\t\t\t\t\t\t<img data-opt-id=2043866962  data-opt-src=\"https:\/\/mlfiaarfli1m.i.optimole.com\/w:1024\/h:455\/q:mauto\/g:sm\/f:best\/https:\/\/www.oceantantramassage.com\/wp-content\/uploads\/2026\/03\/Ocean-26-new.jpg\"   decoding=\"async\" width=\"800\" height=\"355\" src=\"data:image/svg+xml,%3Csvg%20viewBox%3D%220%200%201024%20455%22%20width%3D%221024%22%20height%3D%22455%22%20xmlns%3D%22http%3A%2F%2Fwww.w3.org%2F2000%2Fsvg%22%3E%3Crect%20width%3D%221024%22%20height%3D%22455%22%20fill%3D%22transparent%22%2F%3E%3C%2Fsvg%3E\" class=\"attachment-large size-large wp-image-2724\" alt=\"\" old-srcset=\"https:\/\/mlfiaarfli1m.i.optimole.com\/w:1024\/h:455\/q:mauto\/g:sm\/f:best\/https:\/\/www.oceantantramassage.com\/wp-content\/uploads\/2026\/03\/Ocean-26-new.jpg 1024w, https:\/\/mlfiaarfli1m.i.optimole.com\/w:300\/h:133\/q:mauto\/g:sm\/f:best\/https:\/\/www.oceantantramassage.com\/wp-content\/uploads\/2026\/03\/Ocean-26-new.jpg 300w, https:\/\/mlfiaarfli1m.i.optimole.com\/w:768\/h:341\/q:mauto\/g:sm\/f:best\/https:\/\/www.oceantantramassage.com\/wp-content\/uploads\/2026\/03\/Ocean-26-new.jpg 768w, https:\/\/mlfiaarfli1m.i.optimole.com\/w:1536\/h:683\/q:mauto\/g:sm\/f:best\/https:\/\/www.oceantantramassage.com\/wp-content\/uploads\/2026\/03\/Ocean-26-new.jpg 1536w, https:\/\/mlfiaarfli1m.i.optimole.com\/w:1550\/h:689\/q:mauto\/g:sm\/f:best\/https:\/\/www.oceantantramassage.com\/wp-content\/uploads\/2026\/03\/Ocean-26-new.jpg 1550w, https:\/\/mlfiaarfli1m.i.optimole.com\/w:1550\/h:689\/q:mauto\/g:sm\/f:best\/dpr:2\/https:\/\/www.oceantantramassage.com\/wp-content\/uploads\/2026\/03\/Ocean-26-new.jpg 2x\" \/>\t\t\t\t\t\t\t\t\t\t\t\t\t\t\t<\/div>\n\t\t\t\t<\/div>\n\t\t\t\t\t<\/div>\n\t\t<\/div>\n\t\t\t\t\t<\/div>\n\t\t<\/section>\n\t\t\t\t<section class=\"elementor-section elementor-top-section elementor-element elementor-element-f162d79 elementor-section-boxed elementor-section-height-default elementor-section-height-default\" data-id=\"f162d79\" data-element_type=\"section\" data-settings=\"{&quot;_ha_eqh_enable&quot;:false}\">\n\t\t\t\t\t\t<div class=\"elementor-container elementor-column-gap-default\">\n\t\t\t\t\t<div class=\"elementor-column elementor-col-100 elementor-top-column elementor-element elementor-element-b7e060c\" data-id=\"b7e060c\" data-element_type=\"column\">\n\t\t\t<div class=\"elementor-widget-wrap elementor-element-populated\">\n\t\t\t\t\t\t<div class=\"elementor-element elementor-element-029b0b1 elementor-widget elementor-widget-text-editor\" data-id=\"029b0b1\" data-element_type=\"widget\" data-widget_type=\"text-editor.default\">\n\t\t\t\t<div class=\"elementor-widget-container\">\n\t\t\t\t\t\t\t\t\t<p><strong>Wir begr\u00fc\u00dfen Sie in unserem wundersch\u00f6nen Tantra Studio in Denia!<\/strong><\/p><p>Das ganze Jahr \u00fcber sind verschiedene Masseurinnen in Denia und freuen sich, Sie kennenzulernen.<\/p><p>Wir lieben Tantramassagen und begegnen Ihnen mit starker Intuition und Herzlichkeit. Mit unserem gro\u00dfen Erfahrungsschatz stellen wir uns individuell auf Sie ein.\u00a0<\/p><p>Lassen Sie los und lassen Sie sich verw\u00f6hnen, in einer tantrischen Atmosph\u00e4re der Akzeptanz und Sensibilit\u00e4t. Sp\u00fcren Sie den Kontakt mit Ihrer Lebensfreude und Lebendigkeit, erleben Sie sich und Ihren K\u00f6rper ganz neu. Lassen Sie die Gedanken und den Alltag los, dann werden Sie ruhig und kommen zu sich \u2013 kommen zur\u00fcck in Ihre Mitte.<\/p>\t\t\t\t\t\t\t\t<\/div>\n\t\t\t\t<\/div>\n\t\t\t\t<div class=\"elementor-element elementor-element-9cb8803 elementor-align-center elementor-mobile-align-center elementor-widget elementor-widget-button\" data-id=\"9cb8803\" data-element_type=\"widget\" data-widget_type=\"button.default\">\n\t\t\t\t<div class=\"elementor-widget-container\">\n\t\t\t\t\t\t\t\t\t<div class=\"elementor-button-wrapper\">\n\t\t\t\t\t<a class=\"elementor-button elementor-button-link elementor-size-md elementor-animation-grow\" href=\"http:\/\/oceantantramassagevalencia.com#book\">\n\t\t\t\t\t\t<span class=\"elementor-button-content-wrapper\">\n\t\t\t\t\t\t\t\t\t<span class=\"elementor-button-text\">Jetzt buchen<\/span>\n\t\t\t\t\t<\/span>\n\t\t\t\t\t<\/a>\n\t\t\t\t<\/div>\n\t\t\t\t\t\t\t\t<\/div>\n\t\t\t\t<\/div>\n\t\t\t\t\t<\/div>\n\t\t<\/div>\n\t\t\t\t\t<\/div>\n\t\t<\/section>\n\t\t\t\t<\/div>\n\t\t","protected":false},"excerpt":{"rendered":"<p>Herzlich willkommen in unserem Studio!\u200b Viele Jahre an ErfahrungHerzliche Masseurinnen Ein Sehr gut eingespieltes Team Wir begr\u00fc\u00dfen Sie in unserem wundersch\u00f6nen Tantra Studio in Denia! Das ganze Jahr \u00fcber sind verschiedene Masseurinnen in Denia und freuen sich, Sie kennenzulernen. Wir lieben Tantramassagen und begegnen Ihnen mit starker Intuition und Herzlichkeit. Mit unserem gro\u00dfen Erfahrungsschatz stellen [&hellip;]<\/p>\n","protected":false},"author":1,"featured_media":0,"parent":0,"menu_order":0,"comment_status":"closed","ping_status":"closed","template":"","meta":{"om_disable_all_campaigns":false,"_monsterinsights_skip_tracking":false,"_monsterinsights_sitenote_active":false,"_monsterinsights_sitenote_note":"","_monsterinsights_sitenote_category":0,"footnotes":""},"yoast_head":"<!-- This site is optimized with the Yoast SEO plugin v22.9 - https:\/\/yoast.com\/wordpress\/plugins\/seo\/ -->\n<title>Team - Ocean Tantra Massage Denia<\/title>\n<meta name=\"robots\" content=\"index, follow, max-snippet:-1, max-image-preview:large, max-video-preview:-1\" \/>\n<link rel=\"canonical\" href=\"https:\/\/www.oceantantramassage.com\/de\/team\/\" \/>\n<meta property=\"og:locale\" content=\"de_DE\" \/>\n<meta property=\"og:type\" content=\"article\" \/>\n<meta property=\"og:title\" content=\"Team - Ocean Tantra Massage Denia\" \/>\n<meta property=\"og:description\" content=\"Herzlich willkommen in unserem Studio!\u200b Viele Jahre an ErfahrungHerzliche Masseurinnen Ein Sehr gut eingespieltes Team Wir begr\u00fc\u00dfen Sie in unserem wundersch\u00f6nen Tantra Studio in Denia! Das ganze Jahr \u00fcber sind verschiedene Masseurinnen in Denia und freuen sich, Sie kennenzulernen. Wir lieben Tantramassagen und begegnen Ihnen mit starker Intuition und Herzlichkeit. Mit unserem gro\u00dfen Erfahrungsschatz stellen [&hellip;]\" \/>\n<meta property=\"og:url\" content=\"https:\/\/www.oceantantramassage.com\/de\/team\/\" \/>\n<meta property=\"og:site_name\" content=\"Ocean Tantra Massage Denia\" \/>\n<meta property=\"article:modified_time\" content=\"2026-03-31T09:40:26+00:00\" \/>\n<meta property=\"og:image\" content=\"https:\/\/mlfiaarfli1m.i.optimole.com\/w:1024\/h:455\/q:mauto\/g:sm\/f:best\/https:\/\/www.oceantantramassage.com\/wp-content\/uploads\/2026\/03\/Ocean-26-new.jpg\" \/>\n<meta name=\"twitter:card\" content=\"summary_large_image\" \/>\n<meta name=\"twitter:label1\" content=\"Gesch\u00e4tzte Lesezeit\" \/>\n\t<meta name=\"twitter:data1\" content=\"1\u00a0Minute\" \/>\n<script type=\"application\/ld+json\" class=\"yoast-schema-graph\">{\"@context\":\"https:\/\/schema.org\",\"@graph\":[{\"@type\":\"WebPage\",\"@id\":\"https:\/\/www.oceantantramassage.com\/de\/team\/\",\"url\":\"https:\/\/www.oceantantramassage.com\/de\/team\/\",\"name\":\"Team - Ocean Tantra Massage Denia\",\"isPartOf\":{\"@id\":\"https:\/\/www.oceantantramassage.com\/de\/#website\"},\"primaryImageOfPage\":{\"@id\":\"https:\/\/www.oceantantramassage.com\/de\/team\/#primaryimage\"},\"image\":{\"@id\":\"https:\/\/www.oceantantramassage.com\/de\/team\/#primaryimage\"},\"thumbnailUrl\":\"https:\/\/mlfiaarfli1m.i.optimole.com\/w:1024\/h:455\/q:mauto\/g:sm\/f:best\/https:\/\/www.oceantantramassage.com\/wp-content\/uploads\/2026\/03\/Ocean-26-new.jpg\",\"datePublished\":\"2022-07-07T03:25:37+00:00\",\"dateModified\":\"2026-03-31T09:40:26+00:00\",\"breadcrumb\":{\"@id\":\"https:\/\/www.oceantantramassage.com\/de\/team\/#breadcrumb\"},\"inLanguage\":\"de\",\"potentialAction\":[{\"@type\":\"ReadAction\",\"target\":[\"https:\/\/www.oceantantramassage.com\/de\/team\/\"]}]},{\"@type\":\"ImageObject\",\"inLanguage\":\"de\",\"@id\":\"https:\/\/www.oceantantramassage.com\/de\/team\/#primaryimage\",\"url\":\"https:\/\/mlfiaarfli1m.i.optimole.com\/w:1024\/h:455\/q:mauto\/g:sm\/f:best\/https:\/\/www.oceantantramassage.com\/wp-content\/uploads\/2026\/03\/Ocean-26-new.jpg\",\"contentUrl\":\"https:\/\/mlfiaarfli1m.i.optimole.com\/w:1024\/h:455\/q:mauto\/g:sm\/f:best\/https:\/\/www.oceantantramassage.com\/wp-content\/uploads\/2026\/03\/Ocean-26-new.jpg\"},{\"@type\":\"BreadcrumbList\",\"@id\":\"https:\/\/www.oceantantramassage.com\/de\/team\/#breadcrumb\",\"itemListElement\":[{\"@type\":\"ListItem\",\"position\":1,\"name\":\"Home\",\"item\":\"https:\/\/www.oceantantramassage.com\/de\/\"},{\"@type\":\"ListItem\",\"position\":2,\"name\":\"Team\"}]},{\"@type\":\"WebSite\",\"@id\":\"https:\/\/www.oceantantramassage.com\/de\/#website\",\"url\":\"https:\/\/www.oceantantramassage.com\/de\/\",\"name\":\"Ocean Tantra Massage Denia\",\"description\":\"Sensual Tantra Massages in Denia\",\"publisher\":{\"@id\":\"https:\/\/www.oceantantramassage.com\/de\/#organization\"},\"potentialAction\":[{\"@type\":\"SearchAction\",\"target\":{\"@type\":\"EntryPoint\",\"urlTemplate\":\"https:\/\/www.oceantantramassage.com\/de\/?s={search_term_string}\"},\"query-input\":\"required name=search_term_string\"}],\"inLanguage\":\"de\"},{\"@type\":\"Organization\",\"@id\":\"https:\/\/www.oceantantramassage.com\/de\/#organization\",\"name\":\"Ocean Tantra Massage Denia\",\"url\":\"https:\/\/www.oceantantramassage.com\/de\/\",\"logo\":{\"@type\":\"ImageObject\",\"inLanguage\":\"de\",\"@id\":\"https:\/\/www.oceantantramassage.com\/de\/#\/schema\/logo\/image\/\",\"url\":\"https:\/\/mlfiaarfli1m.i.optimole.com\/w:auto\/h:auto\/q:mauto\/g:sm\/f:best\/https:\/\/www.oceantantramassage.com\/wp-content\/uploads\/2022\/07\/depositphotos_10684755-stock-photo-beautiful-lotus.webp\",\"contentUrl\":\"https:\/\/mlfiaarfli1m.i.optimole.com\/w:auto\/h:auto\/q:mauto\/g:sm\/f:best\/https:\/\/www.oceantantramassage.com\/wp-content\/uploads\/2022\/07\/depositphotos_10684755-stock-photo-beautiful-lotus.webp\",\"width\":556,\"height\":600,\"caption\":\"Ocean Tantra Massage Denia\"},\"image\":{\"@id\":\"https:\/\/www.oceantantramassage.com\/de\/#\/schema\/logo\/image\/\"}}]}<\/script>\n<!-- \/ Yoast SEO plugin. -->","yoast_head_json":{"title":"Team - Ocean Tantra Massage Denia","robots":{"index":"index","follow":"follow","max-snippet":"max-snippet:-1","max-image-preview":"max-image-preview:large","max-video-preview":"max-video-preview:-1"},"canonical":"https:\/\/www.oceantantramassage.com\/de\/team\/","og_locale":"de_DE","og_type":"article","og_title":"Team - Ocean Tantra Massage Denia","og_description":"Herzlich willkommen in unserem Studio!\u200b Viele Jahre an ErfahrungHerzliche Masseurinnen Ein Sehr gut eingespieltes Team Wir begr\u00fc\u00dfen Sie in unserem wundersch\u00f6nen Tantra Studio in Denia! Das ganze Jahr \u00fcber sind verschiedene Masseurinnen in Denia und freuen sich, Sie kennenzulernen. Wir lieben Tantramassagen und begegnen Ihnen mit starker Intuition und Herzlichkeit. Mit unserem gro\u00dfen Erfahrungsschatz stellen [&hellip;]","og_url":"https:\/\/www.oceantantramassage.com\/de\/team\/","og_site_name":"Ocean Tantra Massage Denia","article_modified_time":"2026-03-31T09:40:26+00:00","og_image":[{"url":"https:\/\/mlfiaarfli1m.i.optimole.com\/w:1024\/h:455\/q:mauto\/g:sm\/f:best\/https:\/\/www.oceantantramassage.com\/wp-content\/uploads\/2026\/03\/Ocean-26-new.jpg"}],"twitter_card":"summary_large_image","twitter_misc":{"Gesch\u00e4tzte Lesezeit":"1\u00a0Minute"},"schema":{"@context":"https:\/\/schema.org","@graph":[{"@type":"WebPage","@id":"https:\/\/www.oceantantramassage.com\/de\/team\/","url":"https:\/\/www.oceantantramassage.com\/de\/team\/","name":"Team - Ocean Tantra Massage Denia","isPartOf":{"@id":"https:\/\/www.oceantantramassage.com\/de\/#website"},"primaryImageOfPage":{"@id":"https:\/\/www.oceantantramassage.com\/de\/team\/#primaryimage"},"image":{"@id":"https:\/\/www.oceantantramassage.com\/de\/team\/#primaryimage"},"thumbnailUrl":"https:\/\/mlfiaarfli1m.i.optimole.com\/w:1024\/h:455\/q:mauto\/g:sm\/f:best\/https:\/\/www.oceantantramassage.com\/wp-content\/uploads\/2026\/03\/Ocean-26-new.jpg","datePublished":"2022-07-07T03:25:37+00:00","dateModified":"2026-03-31T09:40:26+00:00","breadcrumb":{"@id":"https:\/\/www.oceantantramassage.com\/de\/team\/#breadcrumb"},"inLanguage":"de","potentialAction":[{"@type":"ReadAction","target":["https:\/\/www.oceantantramassage.com\/de\/team\/"]}]},{"@type":"ImageObject","inLanguage":"de","@id":"https:\/\/www.oceantantramassage.com\/de\/team\/#primaryimage","url":"https:\/\/mlfiaarfli1m.i.optimole.com\/w:1024\/h:455\/q:mauto\/g:sm\/f:best\/https:\/\/www.oceantantramassage.com\/wp-content\/uploads\/2026\/03\/Ocean-26-new.jpg","contentUrl":"https:\/\/mlfiaarfli1m.i.optimole.com\/w:1024\/h:455\/q:mauto\/g:sm\/f:best\/https:\/\/www.oceantantramassage.com\/wp-content\/uploads\/2026\/03\/Ocean-26-new.jpg"},{"@type":"BreadcrumbList","@id":"https:\/\/www.oceantantramassage.com\/de\/team\/#breadcrumb","itemListElement":[{"@type":"ListItem","position":1,"name":"Home","item":"https:\/\/www.oceantantramassage.com\/de\/"},{"@type":"ListItem","position":2,"name":"Team"}]},{"@type":"WebSite","@id":"https:\/\/www.oceantantramassage.com\/de\/#website","url":"https:\/\/www.oceantantramassage.com\/de\/","name":"Ocean Tantra Massage Denia","description":"Sensual Tantra Massages in Denia","publisher":{"@id":"https:\/\/www.oceantantramassage.com\/de\/#organization"},"potentialAction":[{"@type":"SearchAction","target":{"@type":"EntryPoint","urlTemplate":"https:\/\/www.oceantantramassage.com\/de\/?s={search_term_string}"},"query-input":"required name=search_term_string"}],"inLanguage":"de"},{"@type":"Organization","@id":"https:\/\/www.oceantantramassage.com\/de\/#organization","name":"Ocean Tantra Massage Denia","url":"https:\/\/www.oceantantramassage.com\/de\/","logo":{"@type":"ImageObject","inLanguage":"de","@id":"https:\/\/www.oceantantramassage.com\/de\/#\/schema\/logo\/image\/","url":"https:\/\/mlfiaarfli1m.i.optimole.com\/w:auto\/h:auto\/q:mauto\/g:sm\/f:best\/https:\/\/www.oceantantramassage.com\/wp-content\/uploads\/2022\/07\/depositphotos_10684755-stock-photo-beautiful-lotus.webp","contentUrl":"https:\/\/mlfiaarfli1m.i.optimole.com\/w:auto\/h:auto\/q:mauto\/g:sm\/f:best\/https:\/\/www.oceantantramassage.com\/wp-content\/uploads\/2022\/07\/depositphotos_10684755-stock-photo-beautiful-lotus.webp","width":556,"height":600,"caption":"Ocean Tantra Massage Denia"},"image":{"@id":"https:\/\/www.oceantantramassage.com\/de\/#\/schema\/logo\/image\/"}}]}},"_links":{"self":[{"href":"https:\/\/www.oceantantramassage.com\/de\/wp-json\/wp\/v2\/pages\/1638"}],"collection":[{"href":"https:\/\/www.oceantantramassage.com\/de\/wp-json\/wp\/v2\/pages"}],"about":[{"href":"https:\/\/www.oceantantramassage.com\/de\/wp-json\/wp\/v2\/types\/page"}],"author":[{"embeddable":true,"href":"https:\/\/www.oceantantramassage.com\/de\/wp-json\/wp\/v2\/users\/1"}],"replies":[{"embeddable":true,"href":"https:\/\/www.oceantantramassage.com\/de\/wp-json\/wp\/v2\/comments?post=1638"}],"version-history":[{"count":32,"href":"https:\/\/www.oceantantramassage.com\/de\/wp-json\/wp\/v2\/pages\/1638\/revisions"}],"predecessor-version":[{"id":2730,"href":"https:\/\/www.oceantantramassage.com\/de\/wp-json\/wp\/v2\/pages\/1638\/revisions\/2730"}],"wp:attachment":[{"href":"https:\/\/www.oceantantramassage.com\/de\/wp-json\/wp\/v2\/media?parent=1638"}],"curies":[{"name":"wp","href":"https:\/\/api.w.org\/{rel}","templated":true}]}}