{"id":1402,"date":"2022-07-07T03:22:59","date_gmt":"2022-07-07T03:22:59","guid":{"rendered":"https:\/\/www.oceantantramassage.com\/fuss-massage\/"},"modified":"2024-07-07T21:39:51","modified_gmt":"2024-07-07T21:39:51","slug":"fuss-massage","status":"publish","type":"page","link":"https:\/\/www.oceantantramassage.com\/de\/fuss-massage\/","title":{"rendered":"Fu\u00df Massage"},"content":{"rendered":"\t\t<div data-elementor-type=\"wp-page\" data-elementor-id=\"1402\" class=\"elementor elementor-1402 elementor-25\" data-elementor-settings=\"{&quot;ha_cmc_init_switcher&quot;:&quot;no&quot;}\">\n\t\t\t\t\t\t<section class=\"elementor-section elementor-top-section elementor-element elementor-element-2f41da7 elementor-section-boxed elementor-section-height-default elementor-section-height-default\" data-id=\"2f41da7\" data-element_type=\"section\" data-settings=\"{&quot;_ha_eqh_enable&quot;:false}\">\n\t\t\t\t\t\t<div class=\"elementor-container elementor-column-gap-default\">\n\t\t\t\t\t<div class=\"elementor-column elementor-col-100 elementor-top-column elementor-element elementor-element-3297c50\" data-id=\"3297c50\" data-element_type=\"column\">\n\t\t\t<div class=\"elementor-widget-wrap elementor-element-populated\">\n\t\t\t\t\t\t<div class=\"elementor-element elementor-element-2157e07 elementor-widget elementor-widget-heading\" data-id=\"2157e07\" data-element_type=\"widget\" data-widget_type=\"heading.default\">\n\t\t\t\t<div class=\"elementor-widget-container\">\n\t\t\t\t\t<h2 class=\"elementor-heading-title elementor-size-default\">Sinnliche Tantramassage mit H\u00e4nden und F\u00fc\u00dfen<\/h2>\t\t\t\t<\/div>\n\t\t\t\t<\/div>\n\t\t\t\t<section class=\"elementor-section elementor-inner-section elementor-element elementor-element-71fbb8c elementor-section-boxed elementor-section-height-default elementor-section-height-default\" data-id=\"71fbb8c\" data-element_type=\"section\" data-settings=\"{&quot;_ha_eqh_enable&quot;:false}\">\n\t\t\t\t\t\t<div class=\"elementor-container elementor-column-gap-default\">\n\t\t\t\t\t<div class=\"elementor-column elementor-col-50 elementor-inner-column elementor-element elementor-element-9b671f9\" data-id=\"9b671f9\" data-element_type=\"column\">\n\t\t\t<div class=\"elementor-widget-wrap elementor-element-populated\">\n\t\t\t\t\t\t<div class=\"elementor-element elementor-element-f8b7c42 elementor-widget elementor-widget-image\" data-id=\"f8b7c42\" data-element_type=\"widget\" data-widget_type=\"image.default\">\n\t\t\t\t<div class=\"elementor-widget-container\">\n\t\t\t\t\t\t\t\t\t\t\t\t\t\t\t<img data-opt-id=990641551  data-opt-src=\"https:\/\/mlfiaarfli1m.i.optimole.com\/w:auto\/h:auto\/q:mauto\/g:sm\/f:best\/https:\/\/www.oceantantramassage.com\/wp-content\/uploads\/2022\/07\/ocean-tantra-massage-legs-flower-1-600x376-1.webp\"   decoding=\"async\" width=\"600\" height=\"376\" src=\"data:image/svg+xml,%3Csvg%20viewBox%3D%220%200%20100%%20100%%22%20width%3D%22100%%22%20height%3D%22100%%22%20xmlns%3D%22http%3A%2F%2Fwww.w3.org%2F2000%2Fsvg%22%3E%3Crect%20width%3D%22100%%22%20height%3D%22100%%22%20fill%3D%22transparent%22%2F%3E%3C%2Fsvg%3E\" class=\"attachment-large size-large wp-image-1275\" alt=\"Sensual Tantra Massage with Hands and Feet\" old-srcset=\"https:\/\/mlfiaarfli1m.i.optimole.com\/w:600\/h:376\/q:mauto\/g:sm\/f:best\/https:\/\/www.oceantantramassage.com\/wp-content\/uploads\/2022\/07\/ocean-tantra-massage-legs-flower-1-600x376-1.webp 600w, https:\/\/mlfiaarfli1m.i.optimole.com\/w:300\/h:188\/q:mauto\/g:sm\/f:best\/https:\/\/www.oceantantramassage.com\/wp-content\/uploads\/2022\/07\/ocean-tantra-massage-legs-flower-1-600x376-1.webp 300w, https:\/\/mlfiaarfli1m.i.optimole.com\/w:600\/h:376\/q:mauto\/g:sm\/f:best\/dpr:2\/https:\/\/www.oceantantramassage.com\/wp-content\/uploads\/2022\/07\/ocean-tantra-massage-legs-flower-1-600x376-1.webp 2x\" \/>\t\t\t\t\t\t\t\t\t\t\t\t\t\t\t<\/div>\n\t\t\t\t<\/div>\n\t\t\t\t\t<\/div>\n\t\t<\/div>\n\t\t\t\t<div class=\"elementor-column elementor-col-50 elementor-inner-column elementor-element elementor-element-1f8e72f\" data-id=\"1f8e72f\" data-element_type=\"column\">\n\t\t\t<div class=\"elementor-widget-wrap elementor-element-populated\">\n\t\t\t\t\t\t<div class=\"elementor-element elementor-element-d712546 elementor-widget elementor-widget-heading\" data-id=\"d712546\" data-element_type=\"widget\" data-widget_type=\"heading.default\">\n\t\t\t\t<div class=\"elementor-widget-container\">\n\t\t\t\t\t<h4 class=\"elementor-heading-title elementor-size-default\">F\u00fcr den Mann<\/h4>\t\t\t\t<\/div>\n\t\t\t\t<\/div>\n\t\t\t\t<div class=\"elementor-element elementor-element-43ac391 elementor-widget elementor-widget-text-editor\" data-id=\"43ac391\" data-element_type=\"widget\" data-widget_type=\"text-editor.default\">\n\t\t\t\t<div class=\"elementor-widget-container\">\n\t\t\t\t\t\t\t\t\t<p>Du tr\u00e4umst von zarten, erotischen und weichen Frauenf\u00fc\u00dfen, die dich am ganzen K\u00f6rper ber\u00fchren?<br \/>Du liebst es auch, an den F\u00fc\u00dfen ber\u00fchrt und massiert zu werden?<\/p><p>Genie\u00dfe unsere sinnliche Fu\u00dfmassage kombiniert mit einer entspannenden Tantra-Massage mit warmem \u00d6l, die den Lingam mit den H\u00e4nden und vor allem mit den F\u00fc\u00dfen einschlie\u00dft. Gerne sprechen wir vor der Massage \u00fcber deine W\u00fcnsche und Vorlieben.<\/p>\t\t\t\t\t\t\t\t<\/div>\n\t\t\t\t<\/div>\n\t\t\t\t\t<\/div>\n\t\t<\/div>\n\t\t\t\t\t<\/div>\n\t\t<\/section>\n\t\t\t\t\t<\/div>\n\t\t<\/div>\n\t\t\t\t\t<\/div>\n\t\t<\/section>\n\t\t\t\t<section class=\"elementor-section elementor-top-section elementor-element elementor-element-6cf8f40 elementor-section-boxed elementor-section-height-default elementor-section-height-default\" data-id=\"6cf8f40\" data-element_type=\"section\" data-settings=\"{&quot;background_background&quot;:&quot;classic&quot;,&quot;_ha_eqh_enable&quot;:false}\">\n\t\t\t\t\t\t<div class=\"elementor-container elementor-column-gap-default\">\n\t\t\t\t\t<div class=\"elementor-column elementor-col-100 elementor-top-column elementor-element elementor-element-5648e46\" data-id=\"5648e46\" data-element_type=\"column\">\n\t\t\t<div class=\"elementor-widget-wrap elementor-element-populated\">\n\t\t\t\t\t\t<div class=\"elementor-element elementor-element-f1e1699 elementor-widget elementor-widget-heading\" data-id=\"f1e1699\" data-element_type=\"widget\" data-widget_type=\"heading.default\">\n\t\t\t\t<div class=\"elementor-widget-container\">\n\t\t\t\t\t<h4 class=\"elementor-heading-title elementor-size-default\">Sinnliche Tantramassage mit H\u00e4nden und F\u00fc\u00dfen\n<\/h4>\t\t\t\t<\/div>\n\t\t\t\t<\/div>\n\t\t\t\t\t<\/div>\n\t\t<\/div>\n\t\t\t\t\t<\/div>\n\t\t<\/section>\n\t\t\t\t<section class=\"elementor-section elementor-top-section elementor-element elementor-element-002b912 elementor-section-boxed elementor-section-height-default elementor-section-height-default\" data-id=\"002b912\" data-element_type=\"section\" data-settings=\"{&quot;background_background&quot;:&quot;classic&quot;,&quot;_ha_eqh_enable&quot;:false}\">\n\t\t\t\t\t\t<div class=\"elementor-container elementor-column-gap-default\">\n\t\t\t\t\t<div class=\"elementor-column elementor-col-100 elementor-top-column elementor-element elementor-element-eee6ad1\" data-id=\"eee6ad1\" data-element_type=\"column\">\n\t\t\t<div class=\"elementor-widget-wrap elementor-element-populated\">\n\t\t\t\t\t\t<div class=\"elementor-element elementor-element-d6743a7 elementor-widget elementor-widget-text-editor\" data-id=\"d6743a7\" data-element_type=\"widget\" data-widget_type=\"text-editor.default\">\n\t\t\t\t<div class=\"elementor-widget-container\">\n\t\t\t\t\t\t\t\t\t<p>1,5 Std. Tantra Fu\u00df Massage \u2026\u2026\u2026\u2026\u2026\u2026. <span class=\"s4\"><b>170 \u20ac<br><\/b><\/span>2 Std. Tantra Fu\u00df Massage \u2026\u2026\u2026\u2026&#8230;\u2026\u2026. <span class=\"s4\"><b>220 \u20ac<\/b><\/span><\/p>\t\t\t\t\t\t\t\t<\/div>\n\t\t\t\t<\/div>\n\t\t\t\t\t<\/div>\n\t\t<\/div>\n\t\t\t\t\t<\/div>\n\t\t<\/section>\n\t\t\t\t<section class=\"elementor-section elementor-top-section elementor-element elementor-element-ffc88ac elementor-section-boxed elementor-section-height-default elementor-section-height-default\" data-id=\"ffc88ac\" data-element_type=\"section\" data-settings=\"{&quot;background_background&quot;:&quot;classic&quot;,&quot;_ha_eqh_enable&quot;:false}\">\n\t\t\t\t\t\t<div class=\"elementor-container elementor-column-gap-default\">\n\t\t\t\t\t<div class=\"elementor-column elementor-col-100 elementor-top-column elementor-element elementor-element-80b12a6\" data-id=\"80b12a6\" data-element_type=\"column\">\n\t\t\t<div class=\"elementor-widget-wrap elementor-element-populated\">\n\t\t\t\t\t\t<div class=\"elementor-element elementor-element-8e41f73 elementor-widget elementor-widget-text-editor\" data-id=\"8e41f73\" data-element_type=\"widget\" data-widget_type=\"text-editor.default\">\n\t\t\t\t<div class=\"elementor-widget-container\">\n\t\t\t\t\t\t\t\t\t<div><p class=\"p1\"><span lang=\"EN-US\">Bei<\/span> Fragen oder wenn <span lang=\"EN-US\">du<\/span> diese Massage buchen m\u00f6chtest, rufe uns an oder schreibe uns eine E-Mail.<\/p><\/div>\t\t\t\t\t\t\t\t<\/div>\n\t\t\t\t<\/div>\n\t\t\t\t<div class=\"elementor-element elementor-element-6bed6c7 elementor-align-center elementor-widget elementor-widget-button\" data-id=\"6bed6c7\" data-element_type=\"widget\" data-widget_type=\"button.default\">\n\t\t\t\t<div class=\"elementor-widget-container\">\n\t\t\t\t\t\t\t\t\t<div class=\"elementor-button-wrapper\">\n\t\t\t\t\t<a class=\"elementor-button elementor-button-link elementor-size-sm elementor-animation-grow\" href=\"#ctc_chat\" target=\"_blank\">\n\t\t\t\t\t\t<span class=\"elementor-button-content-wrapper\">\n\t\t\t\t\t\t<span class=\"elementor-button-icon\">\n\t\t\t\t<i aria-hidden=\"true\" class=\"icon icon-whatsapp-1\"><\/i>\t\t\t<\/span>\n\t\t\t\t\t\t\t\t\t<span class=\"elementor-button-text\">Book via Whatsapp<\/span>\n\t\t\t\t\t<\/span>\n\t\t\t\t\t<\/a>\n\t\t\t\t<\/div>\n\t\t\t\t\t\t\t\t<\/div>\n\t\t\t\t<\/div>\n\t\t\t\t<div class=\"elementor-element elementor-element-3ebc61f elementor-widget elementor-widget-text-editor\" data-id=\"3ebc61f\" data-element_type=\"widget\" data-widget_type=\"text-editor.default\">\n\t\t\t\t<div class=\"elementor-widget-container\">\n\t\t\t\t\t\t\t\t\t<p><strong>Telefon\/WhatsApp: +34 641 535 105<\/strong><\/p><p><a href=\"welcome@oceantantramassage.com\"><strong>welcome@oceantantramassage.com<\/strong><\/a><\/p>\t\t\t\t\t\t\t\t<\/div>\n\t\t\t\t<\/div>\n\t\t\t\t<div class=\"elementor-element elementor-element-821e7ab elementor-align-center elementor-widget elementor-widget-button\" data-id=\"821e7ab\" data-element_type=\"widget\" data-widget_type=\"button.default\">\n\t\t\t\t<div class=\"elementor-widget-container\">\n\t\t\t\t\t\t\t\t\t<div class=\"elementor-button-wrapper\">\n\t\t\t\t\t<a class=\"elementor-button elementor-button-link elementor-size-sm elementor-animation-grow\" href=\"https:\/\/oceantantramassagevalencia.com#offers\">\n\t\t\t\t\t\t<span class=\"elementor-button-content-wrapper\">\n\t\t\t\t\t\t\t\t\t<span class=\"elementor-button-text\">Zur\u00fcck zu allen Angeboten<\/span>\n\t\t\t\t\t<\/span>\n\t\t\t\t\t<\/a>\n\t\t\t\t<\/div>\n\t\t\t\t\t\t\t\t<\/div>\n\t\t\t\t<\/div>\n\t\t\t\t\t<\/div>\n\t\t<\/div>\n\t\t\t\t\t<\/div>\n\t\t<\/section>\n\t\t\t\t<section class=\"elementor-section elementor-top-section elementor-element elementor-element-7ffa519 elementor-section-boxed elementor-section-height-default elementor-section-height-default\" data-id=\"7ffa519\" data-element_type=\"section\" data-settings=\"{&quot;_ha_eqh_enable&quot;:false}\">\n\t\t\t\t\t\t<div class=\"elementor-container elementor-column-gap-default\">\n\t\t\t\t\t<div class=\"elementor-column elementor-col-50 elementor-top-column elementor-element elementor-element-bfcfb80\" data-id=\"bfcfb80\" data-element_type=\"column\">\n\t\t\t<div class=\"elementor-widget-wrap elementor-element-populated\">\n\t\t\t\t\t\t<div class=\"elementor-element elementor-element-18e832c elementor-widget elementor-widget-text-editor\" data-id=\"18e832c\" data-element_type=\"widget\" data-widget_type=\"text-editor.default\">\n\t\t\t\t<div class=\"elementor-widget-container\">\n\t\t\t\t\t\t\t\t\t<p>\u201cEmpfange die W\u00e4rme, die von liebenden H\u00e4nden ausgeht<br>und nimm die Ber\u00fchrung in deinen K\u00f6rper auf.&#8220;<\/p><p><strong>Diana Richardson<\/strong><\/p>\t\t\t\t\t\t\t\t<\/div>\n\t\t\t\t<\/div>\n\t\t\t\t\t<\/div>\n\t\t<\/div>\n\t\t\t\t<div class=\"elementor-column elementor-col-50 elementor-top-column elementor-element elementor-element-335aa03\" data-id=\"335aa03\" data-element_type=\"column\">\n\t\t\t<div class=\"elementor-widget-wrap elementor-element-populated\">\n\t\t\t\t\t\t<div class=\"elementor-element elementor-element-3d3b8c7 elementor-widget elementor-widget-image\" data-id=\"3d3b8c7\" data-element_type=\"widget\" data-widget_type=\"image.default\">\n\t\t\t\t<div class=\"elementor-widget-container\">\n\t\t\t\t\t\t\t\t\t\t\t\t\t\t\t<img data-opt-id=1632415443  data-opt-src=\"https:\/\/mlfiaarfli1m.i.optimole.com\/w:auto\/h:auto\/q:mauto\/g:sm\/f:best\/https:\/\/www.oceantantramassage.com\/wp-content\/uploads\/2022\/07\/ocean-tantra-massage-denia-book-happy-guy-1.webp\"  decoding=\"async\" width=\"521\" height=\"394\" src=\"data:image/svg+xml,%3Csvg%20viewBox%3D%220%200%20100%%20100%%22%20width%3D%22100%%22%20height%3D%22100%%22%20xmlns%3D%22http%3A%2F%2Fwww.w3.org%2F2000%2Fsvg%22%3E%3Crect%20width%3D%22100%%22%20height%3D%22100%%22%20fill%3D%22transparent%22%2F%3E%3C%2Fsvg%3E\" class=\"attachment-large size-large wp-image-870\" alt=\"Denia Tantra Massage\" old-srcset=\"https:\/\/mlfiaarfli1m.i.optimole.com\/w:521\/h:394\/q:mauto\/g:sm\/f:best\/https:\/\/www.oceantantramassage.com\/wp-content\/uploads\/2022\/07\/ocean-tantra-massage-denia-book-happy-guy-1.webp 521w, https:\/\/mlfiaarfli1m.i.optimole.com\/w:300\/h:227\/q:mauto\/g:sm\/f:best\/https:\/\/www.oceantantramassage.com\/wp-content\/uploads\/2022\/07\/ocean-tantra-massage-denia-book-happy-guy-1.webp 300w, https:\/\/mlfiaarfli1m.i.optimole.com\/w:521\/h:394\/q:mauto\/g:sm\/f:best\/dpr:2\/https:\/\/www.oceantantramassage.com\/wp-content\/uploads\/2022\/07\/ocean-tantra-massage-denia-book-happy-guy-1.webp 2x\" \/>\t\t\t\t\t\t\t\t\t\t\t\t\t\t\t<\/div>\n\t\t\t\t<\/div>\n\t\t\t\t\t<\/div>\n\t\t<\/div>\n\t\t\t\t\t<\/div>\n\t\t<\/section>\n\t\t\t\t<\/div>\n\t\t","protected":false},"excerpt":{"rendered":"<p>Sinnliche Tantramassage mit H\u00e4nden und F\u00fc\u00dfen F\u00fcr den Mann Du tr\u00e4umst von zarten, erotischen und weichen Frauenf\u00fc\u00dfen, die dich am ganzen K\u00f6rper ber\u00fchren?Du liebst es auch, an den F\u00fc\u00dfen ber\u00fchrt und massiert zu werden? Genie\u00dfe unsere sinnliche Fu\u00dfmassage kombiniert mit einer entspannenden Tantra-Massage mit warmem \u00d6l, die den Lingam mit den H\u00e4nden und vor allem [&hellip;]<\/p>\n","protected":false},"author":1,"featured_media":0,"parent":0,"menu_order":0,"comment_status":"closed","ping_status":"closed","template":"","meta":{"om_disable_all_campaigns":false,"_monsterinsights_skip_tracking":false,"_monsterinsights_sitenote_active":false,"_monsterinsights_sitenote_note":"","_monsterinsights_sitenote_category":0,"footnotes":""},"yoast_head":"<!-- This site is optimized with the Yoast SEO plugin v22.9 - https:\/\/yoast.com\/wordpress\/plugins\/seo\/ -->\n<title>Fu\u00df Massage - Ocean Tantra Massage Denia<\/title>\n<meta name=\"robots\" content=\"index, follow, max-snippet:-1, max-image-preview:large, max-video-preview:-1\" \/>\n<link rel=\"canonical\" href=\"https:\/\/www.oceantantramassage.com\/de\/fuss-massage\/\" \/>\n<meta property=\"og:locale\" content=\"de_DE\" \/>\n<meta property=\"og:type\" content=\"article\" \/>\n<meta property=\"og:title\" content=\"Fu\u00df Massage - Ocean Tantra Massage Denia\" \/>\n<meta property=\"og:description\" content=\"Sinnliche Tantramassage mit H\u00e4nden und F\u00fc\u00dfen F\u00fcr den Mann Du tr\u00e4umst von zarten, erotischen und weichen Frauenf\u00fc\u00dfen, die dich am ganzen K\u00f6rper ber\u00fchren?Du liebst es auch, an den F\u00fc\u00dfen ber\u00fchrt und massiert zu werden? Genie\u00dfe unsere sinnliche Fu\u00dfmassage kombiniert mit einer entspannenden Tantra-Massage mit warmem \u00d6l, die den Lingam mit den H\u00e4nden und vor allem [&hellip;]\" \/>\n<meta property=\"og:url\" content=\"https:\/\/www.oceantantramassage.com\/de\/fuss-massage\/\" \/>\n<meta property=\"og:site_name\" content=\"Ocean Tantra Massage Denia\" \/>\n<meta property=\"article:modified_time\" content=\"2024-07-07T21:39:51+00:00\" \/>\n<meta property=\"og:image\" content=\"https:\/\/mlfiaarfli1m.i.optimole.com\/w:auto\/h:auto\/q:mauto\/g:sm\/f:best\/https:\/\/www.oceantantramassage.com\/wp-content\/uploads\/2022\/07\/ocean-tantra-massage-legs-flower-1-600x376-1.webp\" \/>\n<meta name=\"twitter:card\" content=\"summary_large_image\" \/>\n<meta name=\"twitter:label1\" content=\"Gesch\u00e4tzte Lesezeit\" \/>\n\t<meta name=\"twitter:data1\" content=\"2\u00a0Minuten\" \/>\n<script type=\"application\/ld+json\" class=\"yoast-schema-graph\">{\"@context\":\"https:\/\/schema.org\",\"@graph\":[{\"@type\":\"WebPage\",\"@id\":\"https:\/\/www.oceantantramassage.com\/de\/fuss-massage\/\",\"url\":\"https:\/\/www.oceantantramassage.com\/de\/fuss-massage\/\",\"name\":\"Fu\u00df Massage - Ocean Tantra Massage Denia\",\"isPartOf\":{\"@id\":\"https:\/\/www.oceantantramassage.com\/de\/#website\"},\"primaryImageOfPage\":{\"@id\":\"https:\/\/www.oceantantramassage.com\/de\/fuss-massage\/#primaryimage\"},\"image\":{\"@id\":\"https:\/\/www.oceantantramassage.com\/de\/fuss-massage\/#primaryimage\"},\"thumbnailUrl\":\"https:\/\/mlfiaarfli1m.i.optimole.com\/w:auto\/h:auto\/q:mauto\/g:sm\/f:best\/https:\/\/www.oceantantramassage.com\/wp-content\/uploads\/2022\/07\/ocean-tantra-massage-legs-flower-1-600x376-1.webp\",\"datePublished\":\"2022-07-07T03:22:59+00:00\",\"dateModified\":\"2024-07-07T21:39:51+00:00\",\"breadcrumb\":{\"@id\":\"https:\/\/www.oceantantramassage.com\/de\/fuss-massage\/#breadcrumb\"},\"inLanguage\":\"de\",\"potentialAction\":[{\"@type\":\"ReadAction\",\"target\":[\"https:\/\/www.oceantantramassage.com\/de\/fuss-massage\/\"]}]},{\"@type\":\"ImageObject\",\"inLanguage\":\"de\",\"@id\":\"https:\/\/www.oceantantramassage.com\/de\/fuss-massage\/#primaryimage\",\"url\":\"https:\/\/mlfiaarfli1m.i.optimole.com\/w:auto\/h:auto\/q:mauto\/g:sm\/f:best\/https:\/\/www.oceantantramassage.com\/wp-content\/uploads\/2022\/07\/ocean-tantra-massage-legs-flower-1-600x376-1.webp\",\"contentUrl\":\"https:\/\/mlfiaarfli1m.i.optimole.com\/w:auto\/h:auto\/q:mauto\/g:sm\/f:best\/https:\/\/www.oceantantramassage.com\/wp-content\/uploads\/2022\/07\/ocean-tantra-massage-legs-flower-1-600x376-1.webp\"},{\"@type\":\"BreadcrumbList\",\"@id\":\"https:\/\/www.oceantantramassage.com\/de\/fuss-massage\/#breadcrumb\",\"itemListElement\":[{\"@type\":\"ListItem\",\"position\":1,\"name\":\"Home\",\"item\":\"https:\/\/www.oceantantramassage.com\/de\/\"},{\"@type\":\"ListItem\",\"position\":2,\"name\":\"Fu\u00df Massage\"}]},{\"@type\":\"WebSite\",\"@id\":\"https:\/\/www.oceantantramassage.com\/de\/#website\",\"url\":\"https:\/\/www.oceantantramassage.com\/de\/\",\"name\":\"Ocean Tantra Massage Denia\",\"description\":\"Sensual Tantra Massages in Denia\",\"publisher\":{\"@id\":\"https:\/\/www.oceantantramassage.com\/de\/#organization\"},\"potentialAction\":[{\"@type\":\"SearchAction\",\"target\":{\"@type\":\"EntryPoint\",\"urlTemplate\":\"https:\/\/www.oceantantramassage.com\/de\/?s={search_term_string}\"},\"query-input\":\"required name=search_term_string\"}],\"inLanguage\":\"de\"},{\"@type\":\"Organization\",\"@id\":\"https:\/\/www.oceantantramassage.com\/de\/#organization\",\"name\":\"Ocean Tantra Massage Denia\",\"url\":\"https:\/\/www.oceantantramassage.com\/de\/\",\"logo\":{\"@type\":\"ImageObject\",\"inLanguage\":\"de\",\"@id\":\"https:\/\/www.oceantantramassage.com\/de\/#\/schema\/logo\/image\/\",\"url\":\"https:\/\/mlfiaarfli1m.i.optimole.com\/w:auto\/h:auto\/q:mauto\/g:sm\/f:best\/https:\/\/www.oceantantramassage.com\/wp-content\/uploads\/2022\/07\/depositphotos_10684755-stock-photo-beautiful-lotus.webp\",\"contentUrl\":\"https:\/\/mlfiaarfli1m.i.optimole.com\/w:auto\/h:auto\/q:mauto\/g:sm\/f:best\/https:\/\/www.oceantantramassage.com\/wp-content\/uploads\/2022\/07\/depositphotos_10684755-stock-photo-beautiful-lotus.webp\",\"width\":556,\"height\":600,\"caption\":\"Ocean Tantra Massage Denia\"},\"image\":{\"@id\":\"https:\/\/www.oceantantramassage.com\/de\/#\/schema\/logo\/image\/\"}}]}<\/script>\n<!-- \/ Yoast SEO plugin. -->","yoast_head_json":{"title":"Fu\u00df Massage - Ocean Tantra Massage Denia","robots":{"index":"index","follow":"follow","max-snippet":"max-snippet:-1","max-image-preview":"max-image-preview:large","max-video-preview":"max-video-preview:-1"},"canonical":"https:\/\/www.oceantantramassage.com\/de\/fuss-massage\/","og_locale":"de_DE","og_type":"article","og_title":"Fu\u00df Massage - Ocean Tantra Massage Denia","og_description":"Sinnliche Tantramassage mit H\u00e4nden und F\u00fc\u00dfen F\u00fcr den Mann Du tr\u00e4umst von zarten, erotischen und weichen Frauenf\u00fc\u00dfen, die dich am ganzen K\u00f6rper ber\u00fchren?Du liebst es auch, an den F\u00fc\u00dfen ber\u00fchrt und massiert zu werden? Genie\u00dfe unsere sinnliche Fu\u00dfmassage kombiniert mit einer entspannenden Tantra-Massage mit warmem \u00d6l, die den Lingam mit den H\u00e4nden und vor allem [&hellip;]","og_url":"https:\/\/www.oceantantramassage.com\/de\/fuss-massage\/","og_site_name":"Ocean Tantra Massage Denia","article_modified_time":"2024-07-07T21:39:51+00:00","og_image":[{"url":"https:\/\/mlfiaarfli1m.i.optimole.com\/w:auto\/h:auto\/q:mauto\/g:sm\/f:best\/https:\/\/www.oceantantramassage.com\/wp-content\/uploads\/2022\/07\/ocean-tantra-massage-legs-flower-1-600x376-1.webp"}],"twitter_card":"summary_large_image","twitter_misc":{"Gesch\u00e4tzte Lesezeit":"2\u00a0Minuten"},"schema":{"@context":"https:\/\/schema.org","@graph":[{"@type":"WebPage","@id":"https:\/\/www.oceantantramassage.com\/de\/fuss-massage\/","url":"https:\/\/www.oceantantramassage.com\/de\/fuss-massage\/","name":"Fu\u00df Massage - Ocean Tantra Massage Denia","isPartOf":{"@id":"https:\/\/www.oceantantramassage.com\/de\/#website"},"primaryImageOfPage":{"@id":"https:\/\/www.oceantantramassage.com\/de\/fuss-massage\/#primaryimage"},"image":{"@id":"https:\/\/www.oceantantramassage.com\/de\/fuss-massage\/#primaryimage"},"thumbnailUrl":"https:\/\/mlfiaarfli1m.i.optimole.com\/w:auto\/h:auto\/q:mauto\/g:sm\/f:best\/https:\/\/www.oceantantramassage.com\/wp-content\/uploads\/2022\/07\/ocean-tantra-massage-legs-flower-1-600x376-1.webp","datePublished":"2022-07-07T03:22:59+00:00","dateModified":"2024-07-07T21:39:51+00:00","breadcrumb":{"@id":"https:\/\/www.oceantantramassage.com\/de\/fuss-massage\/#breadcrumb"},"inLanguage":"de","potentialAction":[{"@type":"ReadAction","target":["https:\/\/www.oceantantramassage.com\/de\/fuss-massage\/"]}]},{"@type":"ImageObject","inLanguage":"de","@id":"https:\/\/www.oceantantramassage.com\/de\/fuss-massage\/#primaryimage","url":"https:\/\/mlfiaarfli1m.i.optimole.com\/w:auto\/h:auto\/q:mauto\/g:sm\/f:best\/https:\/\/www.oceantantramassage.com\/wp-content\/uploads\/2022\/07\/ocean-tantra-massage-legs-flower-1-600x376-1.webp","contentUrl":"https:\/\/mlfiaarfli1m.i.optimole.com\/w:auto\/h:auto\/q:mauto\/g:sm\/f:best\/https:\/\/www.oceantantramassage.com\/wp-content\/uploads\/2022\/07\/ocean-tantra-massage-legs-flower-1-600x376-1.webp"},{"@type":"BreadcrumbList","@id":"https:\/\/www.oceantantramassage.com\/de\/fuss-massage\/#breadcrumb","itemListElement":[{"@type":"ListItem","position":1,"name":"Home","item":"https:\/\/www.oceantantramassage.com\/de\/"},{"@type":"ListItem","position":2,"name":"Fu\u00df Massage"}]},{"@type":"WebSite","@id":"https:\/\/www.oceantantramassage.com\/de\/#website","url":"https:\/\/www.oceantantramassage.com\/de\/","name":"Ocean Tantra Massage Denia","description":"Sensual Tantra Massages in Denia","publisher":{"@id":"https:\/\/www.oceantantramassage.com\/de\/#organization"},"potentialAction":[{"@type":"SearchAction","target":{"@type":"EntryPoint","urlTemplate":"https:\/\/www.oceantantramassage.com\/de\/?s={search_term_string}"},"query-input":"required name=search_term_string"}],"inLanguage":"de"},{"@type":"Organization","@id":"https:\/\/www.oceantantramassage.com\/de\/#organization","name":"Ocean Tantra Massage Denia","url":"https:\/\/www.oceantantramassage.com\/de\/","logo":{"@type":"ImageObject","inLanguage":"de","@id":"https:\/\/www.oceantantramassage.com\/de\/#\/schema\/logo\/image\/","url":"https:\/\/mlfiaarfli1m.i.optimole.com\/w:auto\/h:auto\/q:mauto\/g:sm\/f:best\/https:\/\/www.oceantantramassage.com\/wp-content\/uploads\/2022\/07\/depositphotos_10684755-stock-photo-beautiful-lotus.webp","contentUrl":"https:\/\/mlfiaarfli1m.i.optimole.com\/w:auto\/h:auto\/q:mauto\/g:sm\/f:best\/https:\/\/www.oceantantramassage.com\/wp-content\/uploads\/2022\/07\/depositphotos_10684755-stock-photo-beautiful-lotus.webp","width":556,"height":600,"caption":"Ocean Tantra Massage Denia"},"image":{"@id":"https:\/\/www.oceantantramassage.com\/de\/#\/schema\/logo\/image\/"}}]}},"_links":{"self":[{"href":"https:\/\/www.oceantantramassage.com\/de\/wp-json\/wp\/v2\/pages\/1402"}],"collection":[{"href":"https:\/\/www.oceantantramassage.com\/de\/wp-json\/wp\/v2\/pages"}],"about":[{"href":"https:\/\/www.oceantantramassage.com\/de\/wp-json\/wp\/v2\/types\/page"}],"author":[{"embeddable":true,"href":"https:\/\/www.oceantantramassage.com\/de\/wp-json\/wp\/v2\/users\/1"}],"replies":[{"embeddable":true,"href":"https:\/\/www.oceantantramassage.com\/de\/wp-json\/wp\/v2\/comments?post=1402"}],"version-history":[{"count":21,"href":"https:\/\/www.oceantantramassage.com\/de\/wp-json\/wp\/v2\/pages\/1402\/revisions"}],"predecessor-version":[{"id":2438,"href":"https:\/\/www.oceantantramassage.com\/de\/wp-json\/wp\/v2\/pages\/1402\/revisions\/2438"}],"wp:attachment":[{"href":"https:\/\/www.oceantantramassage.com\/de\/wp-json\/wp\/v2\/media?parent=1402"}],"curies":[{"name":"wp","href":"https:\/\/api.w.org\/{rel}","templated":true}]}}